{"id":149,"date":"2023-02-12T08:12:49","date_gmt":"2023-02-12T08:12:49","guid":{"rendered":"https:\/\/jthemes.net\/themes\/wp\/genz\/?page_id=149"},"modified":"2025-09-14T11:20:17","modified_gmt":"2025-09-14T08:20:17","slug":"iletisim","status":"publish","type":"page","link":"https:\/\/www.toint.com.tr\/blog\/iletisim\/","title":{"rendered":"\u0130leti\u015fim"},"content":{"rendered":"\t\t<div data-elementor-type=\"wp-page\" data-elementor-id=\"149\" class=\"elementor elementor-149\">\n\t\t\t\t\t\t<section class=\"elementor-section elementor-top-section elementor-element elementor-element-47c5897 elementor-section-boxed elementor-section-height-default elementor-section-height-default\" data-id=\"47c5897\" data-element_type=\"section\">\n\t\t\t\t\t\t<div class=\"elementor-container elementor-column-gap-default\">\n\t\t\t\t\t<div class=\"elementor-column elementor-col-16 elementor-top-column elementor-element elementor-element-7168fed\" data-id=\"7168fed\" data-element_type=\"column\">\n\t\t\t<div class=\"elementor-widget-wrap\">\n\t\t\t\t\t\t\t<\/div>\n\t\t<\/div>\n\t\t\t\t<div class=\"elementor-column elementor-col-66 elementor-top-column elementor-element elementor-element-67887bb\" data-id=\"67887bb\" data-element_type=\"column\">\n\t\t\t<div class=\"elementor-widget-wrap elementor-element-populated\">\n\t\t\t\t\t\t<div class=\"elementor-element elementor-element-b930a89 mb-0 elementor-widget elementor-widget-text-editor\" data-id=\"b930a89\" data-element_type=\"widget\" data-widget_type=\"text-editor.default\">\n\t\t\t\t\t\t\t\t\t<div class=\"elementor-element elementor-element-b930a89 mb-0 elementor-widget elementor-widget-text-editor\" data-id=\"b930a89\" data-element_type=\"widget\" data-widget_type=\"text-editor.default\"><div class=\"elementor-widget-container\"><p>\u00dcr\u00fcn ve hizmetlerimiz hakk\u0131nda daha detayl\u0131 bilgi almak i\u00e7in bizimle E-Posta, telefon veya ileti\u015fim formumuz arac\u0131l\u0131\u011f\u0131yla kolayca ileti\u015fime ge\u00e7ebilirsiniz<\/p><\/div><\/div>\t\t\t\t\t\t\t\t<\/div>\n\t\t\t\t<div class=\"elementor-element elementor-element-cdca984 elementor-widget elementor-widget-genz_contact_info\" data-id=\"cdca984\" data-element_type=\"widget\" data-widget_type=\"genz_contact_info.default\">\n\t\t\t\t<div class=\"elementor-widget-container\">\n\t\t\t\t\t\r\n    <ul class=\"contact-information d-flex flex-wrap gap-4 text-lg-center justify-content-lg-center ps-0 mt-30\">\r\n                    <li>\r\n                <div class=\"d-flex\">\r\n                                            <div class=\"info-icon support\"><\/div>\r\n                    \r\n                    <div>\r\n                                                    <p class=\"text-sm mb-0\">(+90) 212 909 0 759<\/p>\r\n                                                                    <\/div>\r\n                <\/div>\r\n                <!-- d-flex -->\r\n            <\/li>\r\n            <!-- li -->\r\n                    <li>\r\n                <div class=\"d-flex\">\r\n                                            <div class=\"info-icon location \"><\/div>\r\n                    \r\n                    <div>\r\n                                                    <p class=\"text-sm mb-0\">info@toint.com.tr<\/p>\r\n                                                                            <p class=\"text-sm mb-0\">sales@toint.com.tr<\/p>\r\n                                            <\/div>\r\n                <\/div>\r\n                <!-- d-flex -->\r\n            <\/li>\r\n            <!-- li -->\r\n                    <li>\r\n                <div class=\"d-flex\">\r\n                                            <div class=\"info-icon plane\"><\/div>\r\n                    \r\n                    <div>\r\n                                                    <p class=\"text-sm mb-0\">Kocatepe mah. \u015fehirpark\u0131 cad. no:123\/1<\/p>\r\n                                                                            <p class=\"text-sm mb-0\">Bayrampa\u015fa \/ \u0130stanbul<\/p>\r\n                                            <\/div>\r\n                <\/div>\r\n                <!-- d-flex -->\r\n            <\/li>\r\n            <!-- li -->\r\n                <!-- Contact Info Icon  -->\r\n    <\/ul>\r\n\t\t\t\t<\/div>\n\t\t\t\t<\/div>\n\t\t\t\t\t<\/div>\n\t\t<\/div>\n\t\t\t\t<div class=\"elementor-column elementor-col-16 elementor-top-column elementor-element elementor-element-315719c\" data-id=\"315719c\" data-element_type=\"column\">\n\t\t\t<div class=\"elementor-widget-wrap\">\n\t\t\t\t\t\t\t<\/div>\n\t\t<\/div>\n\t\t\t\t\t<\/div>\n\t\t<\/section>\n\t\t\t\t<section class=\"elementor-section elementor-top-section elementor-element elementor-element-ea40154 elementor-section-full_width elementor-section-height-default elementor-section-height-default\" data-id=\"ea40154\" data-element_type=\"section\">\n\t\t\t\t\t\t<div class=\"elementor-container elementor-column-gap-no\">\n\t\t\t\t\t<div class=\"elementor-column elementor-col-100 elementor-top-column elementor-element elementor-element-9521e10\" data-id=\"9521e10\" data-element_type=\"column\">\n\t\t\t<div class=\"elementor-widget-wrap elementor-element-populated\">\n\t\t\t\t\t\t<div class=\"elementor-element elementor-element-efa90bf mb-50 elementor-widget elementor-widget-google_maps\" data-id=\"efa90bf\" data-element_type=\"widget\" data-widget_type=\"google_maps.default\">\n\t\t\t\t\t\t\t<div class=\"elementor-custom-embed\">\n\t\t\t<iframe loading=\"lazy\"\n\t\t\t\t\tsrc=\"https:\/\/maps.google.com\/maps?q=kocatepe%20mahallesi%20%C5%9Fehirpark%C4%B1%20caddesi%20no%3A123%2F1%20bayrampa%C5%9Fa&#038;t=m&#038;z=15&#038;output=embed&#038;iwloc=near\"\n\t\t\t\t\ttitle=\"kocatepe mahallesi \u015fehirpark\u0131 caddesi no:123\/1 bayrampa\u015fa\"\n\t\t\t\t\taria-label=\"kocatepe mahallesi \u015fehirpark\u0131 caddesi no:123\/1 bayrampa\u015fa\"\n\t\t\t><\/iframe>\n\t\t<\/div>\n\t\t\t\t\t\t<\/div>\n\t\t\t\t\t<\/div>\n\t\t<\/div>\n\t\t\t\t\t<\/div>\n\t\t<\/section>\n\t\t\t\t<\/div>\n\t\t","protected":false},"excerpt":{"rendered":"<p>\u00dcr\u00fcn ve hizmetlerimiz hakk\u0131nda daha detayl\u0131 bilgi almak i\u00e7in bizimle E-Posta, telefon veya ileti\u015fim formumuz arac\u0131l\u0131\u011f\u0131yla kolayca ileti\u015fime ge\u00e7ebilirsiniz (+90) 212 909 0 759 info@toint.com.tr sales@toint.com.tr Kocatepe mah. \u015fehirpark\u0131 cad. no:123\/1 Bayrampa\u015fa \/ \u0130stanbul<\/p>\n","protected":false},"author":1,"featured_media":0,"parent":0,"menu_order":0,"comment_status":"closed","ping_status":"closed","template":"home-template.php","meta":{"footnotes":""},"class_list":["post-149","page","type-page","status-publish","hentry"],"aioseo_notices":[],"_links":{"self":[{"href":"https:\/\/www.toint.com.tr\/blog\/wp-json\/wp\/v2\/pages\/149","targetHints":{"allow":["GET"]}}],"collection":[{"href":"https:\/\/www.toint.com.tr\/blog\/wp-json\/wp\/v2\/pages"}],"about":[{"href":"https:\/\/www.toint.com.tr\/blog\/wp-json\/wp\/v2\/types\/page"}],"author":[{"embeddable":true,"href":"https:\/\/www.toint.com.tr\/blog\/wp-json\/wp\/v2\/users\/1"}],"replies":[{"embeddable":true,"href":"https:\/\/www.toint.com.tr\/blog\/wp-json\/wp\/v2\/comments?post=149"}],"version-history":[{"count":10,"href":"https:\/\/www.toint.com.tr\/blog\/wp-json\/wp\/v2\/pages\/149\/revisions"}],"predecessor-version":[{"id":962,"href":"https:\/\/www.toint.com.tr\/blog\/wp-json\/wp\/v2\/pages\/149\/revisions\/962"}],"wp:attachment":[{"href":"https:\/\/www.toint.com.tr\/blog\/wp-json\/wp\/v2\/media?parent=149"}],"curies":[{"name":"wp","href":"https:\/\/api.w.org\/{rel}","templated":true}]}}